{"id":2,"date":"2019-09-14T17:49:53","date_gmt":"2019-09-14T17:49:53","guid":{"rendered":"http:\/\/geobm.ro\/?page_id=2"},"modified":"2020-02-10T10:11:22","modified_gmt":"2020-02-10T08:11:22","slug":"sample-page","status":"publish","type":"page","link":"https:\/\/geobm.ro\/index.php\/sample-page\/","title":{"rendered":"Servicii"},"content":{"rendered":"<p><strong>\u00a0\u00a0\u00a0\u00a0 SC GEO FLAUT SRL<\/strong> ofera servicii profesionale in domeniul geologiei (resurse minerale, mecanica si dimanica pamanturilor si geologia mediului). Serviciile sunt prestate de expertii nostrii acreditati si autorizati cu o expertiza dovedita prin studiile, documentatiile specifice si a cercetarilor realizate\/elaborate de-a lungul timpului. Expertii nostri atestati au calitatea de specialisti, certificati de institutiile din domeniu. Oferta noastra de servicii se axeaza pe potentialul de valorificare a geostiintelor cu scopul asigurarii sigurantei, eficientei, calitatii si durabilitatii investitiei dumneavoastra.<\/p>\n<p>Serviciile constau in elaborare de documentatii specifice si\/sau (fara) obtinerea avizelor necesare in domeniile:<\/p>\n<p style=\"text-align: center;\"><strong>\u00a0\u00a0\u00a0 <span style=\"color: #3366ff;\">RESURSE MINERALE<\/span><\/strong> (minereuri nemetalifere, metalifere, ape subterane, produse de balastiera, roci utile, carbuni)<\/p>\n<table style=\"height: 3474px;\" width=\"701\">\n<tbody>\n<tr>\n<td width=\"100%\">\n<p style=\"text-align: center;\"><strong>Denumire serviciu<\/strong><\/p>\n<\/td>\n<\/tr>\n<tr>\n<td width=\"100%\">1. Documentatia geologica in vederea obtinerii permisului de exploatare resurse minerale \u2013 anual cu aviz de Mediu, Apele Romane, Patrimoniu Cultural si autorizatie ANRM (cuprinde si taxele aferente institutiilor eliberatoare);<\/td>\n<\/tr>\n<tr>\n<td width=\"100%\">2. Documentatia geologica in vederea obtinerii <strong><u>autorizatiei anuale de exploatare<\/u><\/strong> \u2013 programul anual de exploatare \u2013 preliminarul de exploatare;<\/td>\n<\/tr>\n<tr>\n<td width=\"100%\">3. Documentatia geologica in vederea <strong><u>omologarii rezervelor geologice<\/u><\/strong> in vederea valorificarii, evidenta acestora;<\/td>\n<\/tr>\n<tr>\n<td width=\"100%\">4. Cercetare geologica industriala de punere in valoare si potentialul de valorificare a resurselor minerale explotate, inclusive analiza de piata a resurselor minerale \u2013 fara teste faza pilot\/cu teste faza pilot;<\/td>\n<\/tr>\n<tr>\n<td width=\"100%\">5. Servicii de monitorizare si evaluare a continutului in rezerva geologica omilogata si valorificata in vederea optimizarii randamentului superior de valorificare a substantei utile utilizata;<\/td>\n<\/tr>\n<tr>\n<td width=\"100%\">6. Elaborare programe de explorare, realziarea monitorizarii si evaluarii programului de explorare anual, realizarea rapoartelor de punere in valoare a resurselor minerale identificate;<\/td>\n<\/tr>\n<tr>\n<td width=\"100%\">7. Elaborarea documentatiei tehnico \u2013 economice\/obtinere licenta de exploatare;<\/td>\n<\/tr>\n<tr>\n<td width=\"100%\">8. Elaborarea documentatiei tehnice a Programului de Inchidere a exploatarii;<\/td>\n<\/tr>\n<tr>\n<td width=\"100%\">9. Elaborarea documentatiei tehnice a programului multianual de altenative socio economice generat de deschiderea\/inchiderea exploatarii;<\/td>\n<\/tr>\n<tr>\n<td width=\"100%\">10. Studii de piata si analiza evolutie piata in domeniile autorizate;<\/td>\n<\/tr>\n<tr>\n<td width=\"100%\">11. Studii si analize de valorificare si utilizare a produselor miniere si hidrogeologice obtinute, inclusiv solutii tehnologice de punere in valoare;<\/td>\n<\/tr>\n<tr>\n<td width=\"100%\">12. Elaborarea programelor de refacere a mediului pentru exploatarile miniere la zi de roci utile, inclusiv balastiere;<\/td>\n<\/tr>\n<tr>\n<td width=\"100%\">13. Studii\/rapoarte de monitorizare a calitatii factorilor de mediu ape subterane;<\/td>\n<\/tr>\n<tr>\n<td width=\"100%\">14. Studii de prognoza si simulari, modelari de prognoza, in vederea determinarii parametrilor calitativi si nocivi in cadrul unei exploatatii;<\/td>\n<\/tr>\n<tr>\n<td width=\"100%\">15. Servicii de elaborare documentatie trimestriala privind calculul productiei realizate si a redeventei miniere aferente;<\/td>\n<\/tr>\n<tr>\n<td width=\"100%\">16. Servicii de plasare si marcare in teren a bornelor rezervelor geologice din cadrul programului anual de exploatare;<\/td>\n<\/tr>\n<tr>\n<td width=\"100%\">17. Studii si analize mineralogice, petrografice si de procesare a substantei minerale utile exploatate, inclusiv calculele de randament de extractive a utilului;<\/td>\n<\/tr>\n<tr>\n<td width=\"100%\">18. Studii si documentatii aferente programelor multianuale de prospectiune in vederea identificarii de noi rezerve geologice in perimetreele existente si\/sau noi perimetre;<\/td>\n<\/tr>\n<tr>\n<td width=\"100%\">19. Coordonarea activitatii in cadrul explotarii;<\/td>\n<\/tr>\n<tr>\n<td width=\"100%\">20. Realizarea documentatiilor in vederea autorizarii si atestarii capacitatii tehnice a operatorilor economici in domeniul explotarii resurselor minerale;<\/td>\n<\/tr>\n<tr>\n<td width=\"100%\">21. Studii de dinamica apelor subterane, inclusie calcul de reserve hidrogeologice, utilizari \u2013 fara foraj.<\/td>\n<\/tr>\n<tr>\n<td width=\"100%\">\n<p style=\"text-align: center;\"><span style=\"color: #3366ff;\"><strong>MECANICA SI DINAMICA PAMANTURILOR<\/strong><\/span><\/p>\n<\/td>\n<\/tr>\n<\/tbody>\n<\/table>\n<p><strong>Denumire serviciu:<\/strong><\/p>\n<table width=\"100%\">\n<tbody>\n<tr>\n<td width=\"100%\">1. Studii geotehnice pentru stabilirea carateristicelor fizico mecanice a terenurilor de fundare &#8211; locunite individuale, extinderi si\/sau mansardari; fara aviz AF si prelucrare proba\/aviz AF si 1 proba laborator;<\/td>\n<\/tr>\n<tr>\n<td width=\"100%\">2. Studii geotehnice pentru stabilirea carateristicelor fizico mecanice a terenurilor de fundare &#8211;\u00a0 infrastructura, fara aviz AF;<\/td>\n<\/tr>\n<tr>\n<td width=\"100%\">3. Studii geotehnice pentru stabilirea carateristicelor fizico mecanice a terenurilor de fundare &#8211;\u00a0 anasambluri rezidentiale*;<\/td>\n<\/tr>\n<tr>\n<td width=\"100%\">4. Studii geotehnice pentru stabilirea carateristicelor fizico mecanice a terenurilor de fundare &#8211;\u00a0 constructii industrial;<\/td>\n<\/tr>\n<tr>\n<td width=\"100%\">5. Studii geotehnice pentru lucrarile de reabilitari structurale;<\/td>\n<\/tr>\n<tr>\n<td width=\"100%\">6. Studii pentru stabilirea carateristicelor fizico mecanice si geomorfologice a terenurilor intravilane si extravilane &#8211;\u00a0 pentru intocmire Planuri Urbansitice Generale*;<\/td>\n<\/tr>\n<tr>\n<td width=\"100%\">7. Studii pentru stabilirea carateristicelor fizico mecanice si geomorfologice a terenurilor intravilane si extravilane &#8211;\u00a0 pentru intocmire Planuri Urbansitice Zonale;<\/td>\n<\/tr>\n<tr>\n<td width=\"100%\">8. Studii privind stabilitatea versan\u021bilor, alumecarile de teren;<\/td>\n<\/tr>\n<tr>\n<td width=\"100%\">9. Studii de sistematizare pe vertical\u0103 a reliefului unui amplasament (asigurarea stabilitatea general\u0103 a amplasamentului; solutii evacuare adecvata ape meteorice \u0219i din panze freatice);<\/td>\n<\/tr>\n<tr>\n<td width=\"100%\">10. Masuratori geofizice in vederea determinarii parametrilor fizico mecanici a terenurilor;<\/td>\n<\/tr>\n<tr>\n<td width=\"100%\">11. Asistenta tehnica de specialitate proiectati\/diriginti de santier in controlul calitatii lucrarilor de constructii (deformatie liniara, capacitatii portante, gradului de compactare);<\/td>\n<\/tr>\n<tr>\n<td width=\"100%\">12. Monitorizare geotehnica prin masuratori specifice geofizice si de stabilitate;<\/td>\n<\/tr>\n<tr>\n<td width=\"100%\">13. Elaborare caiete de sarcini de specialitate in controlul calitatii lucrarilor (teste, probe, verific\u0103ri); urm\u0103rirea comport\u0103rii \u00een timp a construc\u021biilor;<\/td>\n<\/tr>\n<tr>\n<td width=\"100%\">14. Calcul masa volum dislocat si\/sau a volumului maselor alunecarilor de teren;<\/td>\n<\/tr>\n<tr>\n<td width=\"100%\">15. Servicii de simulare si prognoza a terenurilor in timp, cu sau fara interventie, inclusiv ape subterane;<\/td>\n<\/tr>\n<tr>\n<td width=\"100%\">16. Studii de analiza prin determinarea poluatilor din sol si ape subterane si impactul acestora asupra constructiilor.<\/td>\n<\/tr>\n<tr>\n<td width=\"100%\">\n<p style=\"text-align: center;\"><span style=\"color: #3366ff;\"><strong>DOCUMENTATII SI EXPERTIZA INTERDISCIPLINARA<\/strong><\/span><\/p>\n<\/td>\n<\/tr>\n<\/tbody>\n<\/table>\n<p>Asigurare servicii de asistenta tehnica privind identificare lucrari ascunse inclusiv sit-uri arheologice, prin metode geofizice cu aparatura din dotare.<\/p>\n<p>Asigurare expertiza de asistenta tehnica in monitorizarea proceselor de ecologizare campuri petroliere si perimetre miniere aflate in procesul de inchidere si\/sau ecologizare.<\/p>\n<p>Preturile sunt negociabile si depind de complexitatea lucrarii, frecventa, densitatea de masurare si suprafata analizata\/investigata si sunt independente de taxele de avizare si acreditare ale institutiilor abilitate (ANRM, APM, MF, laboratoare de analize).<\/p>\n<p>Oferta noastra va fi personalizata si definitivata\u00a0 in functie de caracteristicile, amploarea si nevoile dumneavoastra, pe care va invitam sa le aflam impreuna in cadrul unei intalniri de lucru.<\/p>\n","protected":false},"excerpt":{"rendered":"<p>\u00a0\u00a0\u00a0\u00a0 SC GEO FLAUT SRL ofera servicii profesionale in domeniul geologiei (resurse minerale, mecanica si dimanica pamanturilor si geologia mediului). Serviciile sunt prestate de expertii nostrii acreditati si autorizati cu o expertiza dovedita prin studiile, documentatiile specifice si a cercetarilor realizate\/elaborate de-a lungul timpului. Expertii nostri atestati au calitatea de specialisti, certificati de institutiile din &hellip; <a href=\"https:\/\/geobm.ro\/index.php\/sample-page\/\" class=\"more-link\">Cite\u0219te \u00een continuare <span class=\"screen-reader-text\">Servicii<\/span><\/a><\/p>\n","protected":false},"author":1,"featured_media":0,"parent":0,"menu_order":0,"comment_status":"closed","ping_status":"open","template":"","meta":{"footnotes":""},"class_list":["post-2","page","type-page","status-publish","hentry"],"uagb_featured_image_src":{"full":false,"thumbnail":false,"medium":false,"medium_large":false,"large":false,"1536x1536":false,"2048x2048":false,"radcliffe-post-image":false},"uagb_author_info":{"display_name":"y8jzd6wxCg","author_link":"https:\/\/geobm.ro\/index.php\/author\/y8jzd6wxcg\/"},"uagb_comment_info":0,"uagb_excerpt":"\u00a0\u00a0\u00a0\u00a0 SC GEO FLAUT SRL ofera servicii profesionale in domeniul geologiei (resurse minerale, mecanica si dimanica pamanturilor si geologia mediului). Serviciile sunt prestate de expertii nostrii acreditati si autorizati cu o expertiza dovedita prin studiile, documentatiile specifice si a cercetarilor realizate\/elaborate de-a lungul timpului. Expertii nostri atestati au calitatea de specialisti, certificati de institutiile din&hellip;","_links":{"self":[{"href":"https:\/\/geobm.ro\/index.php\/wp-json\/wp\/v2\/pages\/2","targetHints":{"allow":["GET"]}}],"collection":[{"href":"https:\/\/geobm.ro\/index.php\/wp-json\/wp\/v2\/pages"}],"about":[{"href":"https:\/\/geobm.ro\/index.php\/wp-json\/wp\/v2\/types\/page"}],"author":[{"embeddable":true,"href":"https:\/\/geobm.ro\/index.php\/wp-json\/wp\/v2\/users\/1"}],"replies":[{"embeddable":true,"href":"https:\/\/geobm.ro\/index.php\/wp-json\/wp\/v2\/comments?post=2"}],"version-history":[{"count":2,"href":"https:\/\/geobm.ro\/index.php\/wp-json\/wp\/v2\/pages\/2\/revisions"}],"predecessor-version":[{"id":144,"href":"https:\/\/geobm.ro\/index.php\/wp-json\/wp\/v2\/pages\/2\/revisions\/144"}],"wp:attachment":[{"href":"https:\/\/geobm.ro\/index.php\/wp-json\/wp\/v2\/media?parent=2"}],"curies":[{"name":"wp","href":"https:\/\/api.w.org\/{rel}","templated":true}]}}