{"id":93,"date":"2020-02-09T23:24:03","date_gmt":"2020-02-09T21:24:03","guid":{"rendered":"http:\/\/geobm.ro\/?page_id=93"},"modified":"2020-02-10T10:12:09","modified_gmt":"2020-02-10T08:12:09","slug":"acasa","status":"publish","type":"page","link":"https:\/\/geobm.ro\/","title":{"rendered":"SC GEO FLAUT SRL"},"content":{"rendered":"<p><!--StartFragment--><\/p>\n\n\n<p class=\"has-drop-cap\">Suntem o echip\u0103 t\u00e2nar\u0103 bazat\u0103 pe o experien\u021b\u0103 personal\u0103 de peste 20 ani \u00een domeniul ingineriei geologice, \u00een special a resurselor minerale, metalifere \u0219i nemetalifere, cu competen\u021be \u0219i aptitudini care ofer\u0103 o abordare multidisciplinar\u0103 \u0219i posibilitatea de a pune \u00een practic\u0103 cercet\u0103rile din domeniu.<\/p>\n\n\n\n<p>     Dorim s\u0103 satisfacem nevoile unei societ\u0103\u021bi aflate \u00een plin proces de transformare, printr-o abordare integrat\u0103 contextual\u0103, personalizat\u0103, a fiec\u0103rui client oferind servicii integrate \u201eall in one\u201d \u00een domeniul de expertiz\u0103.<\/p>\n\n\n\n<p>     <strong>SC GEO FLAUT SRL<\/strong> este un start-UP, care beneficiaz\u0103 de sprijin financiar, \u00een cadrul proiectului <strong>Creative START (POCU\/82\/3\/7\/105021)<\/strong>, proiect finan\u021bat din Fondul Social European prin Programul Opera\u021bional Capital Uman 2014-2020, \u00een vederea dot\u0103rii cu aparatur\u0103 specific\u0103 pentru realizarea studiilor, programe de specialitate \u2013 interpretare, prognoz\u0103 \u0219i modelare \u00een domeniul ingineriei geologice.<\/p>\n\n\n\n<p>     Dispunem de o tehnic\u0103 de ultim\u0103 genera\u021bie \u00een domeniul ingineriei geologice prin dotarea cu aparat rezistivimetru modelul RM1 \u2013 produc\u0103tor PASI ITALIA, plac\u0103 dinamic\u0103 ZFG 3.0 GPS \u0219i programe de specialitate \u00een domeniul ingineriei geologice GEOSTRU.<\/p>\n\n\n\n<p><\/p>\n","protected":false},"excerpt":{"rendered":"<p>Suntem o echip\u0103 t\u00e2nar\u0103 bazat\u0103 pe o experien\u021b\u0103 personal\u0103 de peste 20 ani \u00een domeniul ingineriei geologice, \u00een special a resurselor minerale, metalifere \u0219i nemetalifere, cu competen\u021be \u0219i aptitudini care ofer\u0103 o abordare multidisciplinar\u0103 \u0219i posibilitatea de a pune \u00een practic\u0103 cercet\u0103rile din domeniu. Dorim s\u0103 satisfacem nevoile unei societ\u0103\u021bi aflate \u00een plin proces de &hellip; <a href=\"https:\/\/geobm.ro\/\" class=\"more-link\">Cite\u0219te \u00een continuare <span class=\"screen-reader-text\">SC GEO FLAUT SRL<\/span><\/a><\/p>\n","protected":false},"author":1,"featured_media":0,"parent":0,"menu_order":0,"comment_status":"closed","ping_status":"closed","template":"","meta":{"footnotes":""},"class_list":["post-93","page","type-page","status-publish","hentry"],"uagb_featured_image_src":{"full":false,"thumbnail":false,"medium":false,"medium_large":false,"large":false,"1536x1536":false,"2048x2048":false,"radcliffe-post-image":false},"uagb_author_info":{"display_name":"y8jzd6wxCg","author_link":"https:\/\/geobm.ro\/index.php\/author\/y8jzd6wxcg\/"},"uagb_comment_info":0,"uagb_excerpt":"Suntem o echip\u0103 t\u00e2nar\u0103 bazat\u0103 pe o experien\u021b\u0103 personal\u0103 de peste 20 ani \u00een domeniul ingineriei geologice, \u00een special a resurselor minerale, metalifere \u0219i nemetalifere, cu competen\u021be \u0219i aptitudini care ofer\u0103 o abordare multidisciplinar\u0103 \u0219i posibilitatea de a pune \u00een practic\u0103 cercet\u0103rile din domeniu. Dorim s\u0103 satisfacem nevoile unei societ\u0103\u021bi aflate \u00een plin proces de&hellip;","_links":{"self":[{"href":"https:\/\/geobm.ro\/index.php\/wp-json\/wp\/v2\/pages\/93","targetHints":{"allow":["GET"]}}],"collection":[{"href":"https:\/\/geobm.ro\/index.php\/wp-json\/wp\/v2\/pages"}],"about":[{"href":"https:\/\/geobm.ro\/index.php\/wp-json\/wp\/v2\/types\/page"}],"author":[{"embeddable":true,"href":"https:\/\/geobm.ro\/index.php\/wp-json\/wp\/v2\/users\/1"}],"replies":[{"embeddable":true,"href":"https:\/\/geobm.ro\/index.php\/wp-json\/wp\/v2\/comments?post=93"}],"version-history":[{"count":6,"href":"https:\/\/geobm.ro\/index.php\/wp-json\/wp\/v2\/pages\/93\/revisions"}],"predecessor-version":[{"id":145,"href":"https:\/\/geobm.ro\/index.php\/wp-json\/wp\/v2\/pages\/93\/revisions\/145"}],"wp:attachment":[{"href":"https:\/\/geobm.ro\/index.php\/wp-json\/wp\/v2\/media?parent=93"}],"curies":[{"name":"wp","href":"https:\/\/api.w.org\/{rel}","templated":true}]}}